{"id":1206,"date":"2024-11-15T08:15:20","date_gmt":"2024-11-15T08:15:20","guid":{"rendered":"https:\/\/balon.me\/?page_id=1206"},"modified":"2024-11-15T08:19:44","modified_gmt":"2024-11-15T08:19:44","slug":"dguv-v3-prufung","status":"publish","type":"page","link":"https:\/\/balon.me\/?page_id=1206","title":{"rendered":"DGUV V3 Pr\u00fcfung"},"content":{"rendered":"<div class=\"gb-container gb-container-134f4244\">\n<div class=\"gb-container gb-container-6333da46\">\n\n\n\n<pre class=\"wp-block-preformatted\"><strong>Was ist die DGUV V3 Pr\u00fcfung?<\/strong>\n\nDie DGUV Vorschrift 3 schreibt vor, dass elektrische Anlagen und Betriebsmittel regelm\u00e4\u00dfig auf ihre Sicherheit gepr\u00fcft werden m\u00fcssen. Ziel ist es, Unf\u00e4lle durch elektrische Defekte zu verhindern und den Schutz Ihrer Mitarbeiter und Ihrer Werte zu gew\u00e4hrleisten.\n\nUnsere Pr\u00fcfungen umfassen:\n\n - <strong>Station\u00e4re elektrische Anlagen<\/strong> (z. B. Stromverteilungen, Maschinenanschl\u00fcsse)\n- <strong>Ortsver\u00e4nderliche elektrische Ger\u00e4te <\/strong>(z. B. Werkzeuge, Computer, Kaffeemaschinen)\n\n<strong>Warum ist die DGUV V3 Pr\u00fcfung so wichtig?<\/strong>\n\nEin defektes elektrisches Ger\u00e4t kann schnell zur Gefahr werden. Die regelm\u00e4\u00dfige Pr\u00fcfung bietet Ihnen:\n\n<strong>Rechtssicherheit<\/strong>: Erf\u00fcllung gesetzlicher Vorschriften.\nSchutz vor Unf\u00e4llen: Reduzierung von Brand- und Stromunfallrisiken.\nVermeidung von Ausf\u00e4llen: Fr\u00fchzeitiges Erkennen von Defekten und Verschlei\u00df.\nHaftungsschutz: Nachweis Ihrer Sorgfalt im Schadensfall.\nUnsere Leistungen im \u00dcberblick\n\n<strong>Professionelle Pr\u00fcfung\n<\/strong>Unsere Experten pr\u00fcfen nach den Vorgaben der DGUV V3 und nutzen modernste Messger\u00e4te, um Defekte sicher zu erkennen.\n\n<strong>Umfassende Dokumentation\n<\/strong>Sie erhalten eine detaillierte Pr\u00fcfprotokollierung als Nachweis f\u00fcr Versicherungen und Beh\u00f6rden.\n\n<strong>Individuelle Beratung\n<\/strong>Wir unterst\u00fctzen Sie bei der optimalen Festlegung von Pr\u00fcfintervallen und beraten Sie bei M\u00e4ngelbeseitigungen.\n\n<strong>Schneller und flexibler Service\n<\/strong>Ob regelm\u00e4\u00dfige Wartung oder kurzfristige Pr\u00fcfung \u2013 wir sind f\u00fcr Sie da, wann und wo Sie uns brauchen.\n\n<strong>Wie l\u00e4uft die DGUV V3 Pr\u00fcfung ab?<\/strong>\n\nErfassung Ihrer Ger\u00e4te: Wir erstellen eine \u00dcbersicht aller zu pr\u00fcfenden Ger\u00e4te und Anlagen.\nDurchf\u00fchrung der Pr\u00fcfung: Sichtpr\u00fcfung, Messungen und Funktionspr\u00fcfung durch unsere qualifizierten Elektrofachkr\u00e4fte.\nPr\u00fcfprotokoll: Dokumentation aller Ergebnisse und Kennzeichnung gepr\u00fcfter Ger\u00e4te.\nBeratung: Besprechung der Ergebnisse und Empfehlungen zur Beseitigung von M\u00e4ngeln.\n<\/pre>\n\n<\/div>\n<\/div>\n\n<div class=\"gb-container gb-container-83bb6cd2\"><\/div>\n\n<div class=\"gb-container gb-container-9efc77d1\">\n\n<h3 class=\"gb-headline gb-headline-07023119 gb-headline-text\">Kontaktieren Sie uns um weitere Informationen zu erhalten<\/h3>\n\n\n\n<a class=\"gb-button gb-button-388980d5\" href=\"https:\/\/gpsites.co\/cloud\/contact\/\"><span class=\"gb-button-text\">Kontakt<\/span><span class=\"gb-icon\"><svg viewBox=\"0 0 16 16\" class=\"bi bi-arrow-right-short\" fill=\"currentColor\" height=\"16\" width=\"16\" xmlns=\"http:\/\/www.w3.org\/2000\/svg\">   <path d=\"M4 8a.5.5 0 0 1 .5-.5h5.793L8.146 5.354a.5.5 0 1 1 .708-.708l3 3a.5.5 0 0 1 0 .708l-3 3a.5.5 0 0 1-.708-.708L10.293 8.5H4.5A.5.5 0 0 1 4 8z\" fill-rule=\"evenodd\"><\/path> <\/svg><\/span><\/a>\n\n<\/div>","protected":false},"excerpt":{"rendered":"<p>Was ist die DGUV V3 Pr\u00fcfung? Die DGUV Vorschrift 3 schreibt vor, dass elektrische Anlagen und Betriebsmittel regelm\u00e4\u00dfig auf ihre Sicherheit gepr\u00fcft werden m\u00fcssen. Ziel ist es, Unf\u00e4lle durch elektrische Defekte zu verhindern und den Schutz Ihrer Mitarbeiter und Ihrer Werte zu gew\u00e4hrleisten. Unsere Pr\u00fcfungen umfassen: &#8211; Station\u00e4re elektrische Anlagen (z. B. Stromverteilungen, Maschinenanschl\u00fcsse) &#8211; &#8230; <a title=\"DGUV V3 Pr\u00fcfung\" class=\"read-more\" href=\"https:\/\/balon.me\/?page_id=1206\" aria-label=\"More on DGUV V3 Pr\u00fcfung\">Read more<\/a><\/p>\n","protected":false},"author":1,"featured_media":0,"parent":0,"menu_order":0,"comment_status":"closed","ping_status":"closed","template":"","meta":{"_monsterinsights_skip_tracking":false,"_monsterinsights_sitenote_active":false,"_monsterinsights_sitenote_note":"","_monsterinsights_sitenote_category":0,"footnotes":""},"_links":{"self":[{"href":"https:\/\/balon.me\/index.php?rest_route=\/wp\/v2\/pages\/1206"}],"collection":[{"href":"https:\/\/balon.me\/index.php?rest_route=\/wp\/v2\/pages"}],"about":[{"href":"https:\/\/balon.me\/index.php?rest_route=\/wp\/v2\/types\/page"}],"author":[{"embeddable":true,"href":"https:\/\/balon.me\/index.php?rest_route=\/wp\/v2\/users\/1"}],"replies":[{"embeddable":true,"href":"https:\/\/balon.me\/index.php?rest_route=%2Fwp%2Fv2%2Fcomments&post=1206"}],"version-history":[{"count":3,"href":"https:\/\/balon.me\/index.php?rest_route=\/wp\/v2\/pages\/1206\/revisions"}],"predecessor-version":[{"id":1213,"href":"https:\/\/balon.me\/index.php?rest_route=\/wp\/v2\/pages\/1206\/revisions\/1213"}],"wp:attachment":[{"href":"https:\/\/balon.me\/index.php?rest_route=%2Fwp%2Fv2%2Fmedia&parent=1206"}],"curies":[{"name":"wp","href":"https:\/\/api.w.org\/{rel}","templated":true}]}}